{"id":2996,"date":"2026-04-08T17:22:07","date_gmt":"2026-04-08T17:22:07","guid":{"rendered":"https:\/\/europrimemotors.com\/?page_id=2996"},"modified":"2026-04-08T17:23:41","modified_gmt":"2026-04-08T17:23:41","slug":"aviso-legal","status":"publish","type":"page","link":"https:\/\/europrimemotors.com\/en\/aviso-legal\/","title":{"rendered":"Legal Notice"},"content":{"rendered":"<div data-elementor-type=\"wp-page\" data-elementor-id=\"2996\" class=\"elementor elementor-2996\" data-elementor-post-type=\"page\">\n\t\t\t\t<div class=\"elementor-element elementor-element-eb20433 e-flex e-con-boxed e-con e-parent\" data-id=\"eb20433\" data-element_type=\"container\" data-e-type=\"container\">\n\t\t\t\t\t<div class=\"e-con-inner\">\n\t\t\t\t<div class=\"elementor-element elementor-element-580f890 elementor-widget elementor-widget-text-editor\" data-id=\"580f890\" data-element_type=\"widget\" data-e-type=\"widget\" data-widget_type=\"text-editor.default\">\n\t\t\t\t\t\t\t\t\t<h5>1. Identifying Data<\/h5><p>In compliance with the duty to provide information set out in Article 10 of Law 34\/2002, of July 11, on Information Society Services and Electronic Commerce, the following information is provided:<\/p><p><strong>Trade name:<\/strong> EuroPrime Motors<br \/><strong>Home:<\/strong> Guadalajara, Spain<br \/><strong>Telephone:<\/strong> +34 627 531 802<br \/><strong>Activity:<\/strong> Import and management of vehicles<\/p><h5>2. Users<\/h5><p>Access to and\/or use of this portal confers the status of USER, who accepts, from the time of such access and\/or use, the General Conditions of Use reflected herein.<\/p><h5>3. Intellectual and Industrial Property<\/h5><p>EuroPrime Motors, either directly or as an assignee, owns all intellectual and industrial property rights of its website, as well as the elements contained therein (including, but not limited to, images, sound, audio, video, software or texts; trademarks or logos, color combinations, structure and design, etc.).<\/p><h5>4. Exclusion of Warranties and Liability<\/h5><p>EuroPrime Motors is not responsible, under any circumstances, for damages of any kind that may be caused, including but not limited to: errors or omissions in the content, lack of availability of the portal or the transmission of viruses or malicious or harmful programs in the content.<\/p>\t\t\t\t\t\t\t\t<\/div>\n\t\t\t\t\t<\/div>\n\t\t\t\t<\/div>\n\t\t\t\t<\/div>","protected":false},"excerpt":{"rendered":"<p>1. Datos Identificativos En cumplimiento con el deber de informaci\u00f3n recogido en art\u00edculo 10 de la Ley 34\/2002, de 11 de julio, de Servicios de la Sociedad de la Informaci\u00f3n y del Comercio Electr\u00f3nico, a continuaci\u00f3n se reflejan los siguientes datos: Nombre comercial: EuroPrime MotorsDomicilio: Guadalajara, Espa\u00f1aTel\u00e9fono: +34 627 531 802Actividad: Importaci\u00f3n y gesti\u00f3n de [&hellip;]<\/p>\n","protected":false},"author":2,"featured_media":0,"parent":0,"menu_order":0,"comment_status":"closed","ping_status":"closed","template":"","meta":{"footnotes":""},"class_list":["post-2996","page","type-page","status-publish","hentry"],"yoast_head":"<!-- This site is optimized with the Yoast SEO Premium plugin v27.3 (Yoast SEO v27.3) - https:\/\/yoast.com\/product\/yoast-seo-premium-wordpress\/ -->\n<title>Aviso Legal - EuroPrime Motors | Importaci\u00f3n estrat\u00e9gica de veh\u00edculos europeos<\/title>\n<meta name=\"robots\" content=\"index, follow, max-snippet:-1, max-image-preview:large, max-video-preview:-1\" \/>\n<link rel=\"canonical\" href=\"https:\/\/europrimemotors.com\/en\/aviso-legal\/\" \/>\n<meta property=\"og:locale\" content=\"en_US\" \/>\n<meta property=\"og:type\" content=\"article\" \/>\n<meta property=\"og:title\" content=\"Aviso Legal\" \/>\n<meta property=\"og:description\" content=\"1. Datos Identificativos En cumplimiento con el deber de informaci\u00f3n recogido en art\u00edculo 10 de la Ley 34\/2002, de 11 de julio, de Servicios de la Sociedad de la Informaci\u00f3n y del Comercio Electr\u00f3nico, a continuaci\u00f3n se reflejan los siguientes datos: Nombre comercial: EuroPrime MotorsDomicilio: Guadalajara, Espa\u00f1aTel\u00e9fono: +34 627 531 802Actividad: Importaci\u00f3n y gesti\u00f3n de [&hellip;]\" \/>\n<meta property=\"og:url\" content=\"https:\/\/europrimemotors.com\/en\/aviso-legal\/\" \/>\n<meta property=\"og:site_name\" content=\"EuroPrime Motors | Importaci\u00f3n estrat\u00e9gica de veh\u00edculos europeos\" \/>\n<meta property=\"article:modified_time\" content=\"2026-04-08T17:23:41+00:00\" \/>\n<meta name=\"twitter:card\" content=\"summary_large_image\" \/>\n<meta name=\"twitter:label1\" content=\"Est. reading time\" \/>\n\t<meta name=\"twitter:data1\" content=\"1 minute\" \/>\n<script type=\"application\/ld+json\" class=\"yoast-schema-graph\">{\"@context\":\"https:\\\/\\\/schema.org\",\"@graph\":[{\"@type\":\"WebPage\",\"@id\":\"https:\\\/\\\/europrimemotors.com\\\/aviso-legal\\\/\",\"url\":\"https:\\\/\\\/europrimemotors.com\\\/aviso-legal\\\/\",\"name\":\"Aviso Legal - EuroPrime Motors | Importaci\u00f3n estrat\u00e9gica de veh\u00edculos europeos\",\"isPartOf\":{\"@id\":\"https:\\\/\\\/europrimemotors.com\\\/#website\"},\"datePublished\":\"2026-04-08T17:22:07+00:00\",\"dateModified\":\"2026-04-08T17:23:41+00:00\",\"breadcrumb\":{\"@id\":\"https:\\\/\\\/europrimemotors.com\\\/aviso-legal\\\/#breadcrumb\"},\"inLanguage\":\"en-US\",\"potentialAction\":[{\"@type\":\"ReadAction\",\"target\":[\"https:\\\/\\\/europrimemotors.com\\\/aviso-legal\\\/\"]}]},{\"@type\":\"BreadcrumbList\",\"@id\":\"https:\\\/\\\/europrimemotors.com\\\/aviso-legal\\\/#breadcrumb\",\"itemListElement\":[{\"@type\":\"ListItem\",\"position\":1,\"name\":\"Portada\",\"item\":\"https:\\\/\\\/europrimemotors.com\\\/\"},{\"@type\":\"ListItem\",\"position\":2,\"name\":\"Aviso Legal\"}]},{\"@type\":\"WebSite\",\"@id\":\"https:\\\/\\\/europrimemotors.com\\\/#website\",\"url\":\"https:\\\/\\\/europrimemotors.com\\\/\",\"name\":\"EuroPrime Motors | Importaci\u00f3n estrat\u00e9gica de veh\u00edculos europeos\",\"description\":\"Especialistas en importaci\u00f3n y gesti\u00f3n integral de veh\u00edculos desde Alemania con seguridad, m\u00e9todo y control absoluto.\",\"publisher\":{\"@id\":\"https:\\\/\\\/europrimemotors.com\\\/#organization\"},\"potentialAction\":[{\"@type\":\"SearchAction\",\"target\":{\"@type\":\"EntryPoint\",\"urlTemplate\":\"https:\\\/\\\/europrimemotors.com\\\/?s={search_term_string}\"},\"query-input\":{\"@type\":\"PropertyValueSpecification\",\"valueRequired\":true,\"valueName\":\"search_term_string\"}}],\"inLanguage\":\"en-US\"},{\"@type\":\"Organization\",\"@id\":\"https:\\\/\\\/europrimemotors.com\\\/#organization\",\"name\":\"EuroPrime Motors | Importaci\u00f3n estrat\u00e9gica de veh\u00edculos europeos\",\"url\":\"https:\\\/\\\/europrimemotors.com\\\/\",\"logo\":{\"@type\":\"ImageObject\",\"inLanguage\":\"en-US\",\"@id\":\"https:\\\/\\\/europrimemotors.com\\\/#\\\/schema\\\/logo\\\/image\\\/\",\"url\":\"https:\\\/\\\/europrimemotors.com\\\/wp-content\\\/uploads\\\/2026\\\/01\\\/cropped-cropped-cropped-europrimelogo-e1775614956380.png\",\"contentUrl\":\"https:\\\/\\\/europrimemotors.com\\\/wp-content\\\/uploads\\\/2026\\\/01\\\/cropped-cropped-cropped-europrimelogo-e1775614956380.png\",\"width\":1480,\"height\":353,\"caption\":\"EuroPrime Motors | Importaci\u00f3n estrat\u00e9gica de veh\u00edculos europeos\"},\"image\":{\"@id\":\"https:\\\/\\\/europrimemotors.com\\\/#\\\/schema\\\/logo\\\/image\\\/\"}}]}<\/script>\n<!-- \/ Yoast SEO Premium plugin. -->","yoast_head_json":{"title":"Legal Notice - EuroPrime Motors | Strategic Import of European Vehicles","robots":{"index":"index","follow":"follow","max-snippet":"max-snippet:-1","max-image-preview":"max-image-preview:large","max-video-preview":"max-video-preview:-1"},"canonical":"https:\/\/europrimemotors.com\/en\/aviso-legal\/","og_locale":"en_US","og_type":"article","og_title":"Aviso Legal","og_description":"1. Datos Identificativos En cumplimiento con el deber de informaci\u00f3n recogido en art\u00edculo 10 de la Ley 34\/2002, de 11 de julio, de Servicios de la Sociedad de la Informaci\u00f3n y del Comercio Electr\u00f3nico, a continuaci\u00f3n se reflejan los siguientes datos: Nombre comercial: EuroPrime MotorsDomicilio: Guadalajara, Espa\u00f1aTel\u00e9fono: +34 627 531 802Actividad: Importaci\u00f3n y gesti\u00f3n de [&hellip;]","og_url":"https:\/\/europrimemotors.com\/en\/aviso-legal\/","og_site_name":"EuroPrime Motors | Importaci\u00f3n estrat\u00e9gica de veh\u00edculos europeos","article_modified_time":"2026-04-08T17:23:41+00:00","twitter_card":"summary_large_image","twitter_misc":{"Est. reading time":"1 minute"},"schema":{"@context":"https:\/\/schema.org","@graph":[{"@type":"WebPage","@id":"https:\/\/europrimemotors.com\/aviso-legal\/","url":"https:\/\/europrimemotors.com\/aviso-legal\/","name":"Legal Notice - EuroPrime Motors | Strategic Import of European Vehicles","isPartOf":{"@id":"https:\/\/europrimemotors.com\/#website"},"datePublished":"2026-04-08T17:22:07+00:00","dateModified":"2026-04-08T17:23:41+00:00","breadcrumb":{"@id":"https:\/\/europrimemotors.com\/aviso-legal\/#breadcrumb"},"inLanguage":"en-US","potentialAction":[{"@type":"ReadAction","target":["https:\/\/europrimemotors.com\/aviso-legal\/"]}]},{"@type":"BreadcrumbList","@id":"https:\/\/europrimemotors.com\/aviso-legal\/#breadcrumb","itemListElement":[{"@type":"ListItem","position":1,"name":"Portada","item":"https:\/\/europrimemotors.com\/"},{"@type":"ListItem","position":2,"name":"Aviso Legal"}]},{"@type":"WebSite","@id":"https:\/\/europrimemotors.com\/#website","url":"https:\/\/europrimemotors.com\/","name":"EuroPrime Motors | Strategic Import of European Vehicles","description":"Specialists in importing and managing vehicles from Germany with security, method and absolute control.","publisher":{"@id":"https:\/\/europrimemotors.com\/#organization"},"potentialAction":[{"@type":"SearchAction","target":{"@type":"EntryPoint","urlTemplate":"https:\/\/europrimemotors.com\/?s={search_term_string}"},"query-input":{"@type":"PropertyValueSpecification","valueRequired":true,"valueName":"search_term_string"}}],"inLanguage":"en-US"},{"@type":"Organization","@id":"https:\/\/europrimemotors.com\/#organization","name":"EuroPrime Motors | Strategic Import of European Vehicles","url":"https:\/\/europrimemotors.com\/","logo":{"@type":"ImageObject","inLanguage":"en-US","@id":"https:\/\/europrimemotors.com\/#\/schema\/logo\/image\/","url":"https:\/\/europrimemotors.com\/wp-content\/uploads\/2026\/01\/cropped-cropped-cropped-europrimelogo-e1775614956380.png","contentUrl":"https:\/\/europrimemotors.com\/wp-content\/uploads\/2026\/01\/cropped-cropped-cropped-europrimelogo-e1775614956380.png","width":1480,"height":353,"caption":"EuroPrime Motors | Importaci\u00f3n estrat\u00e9gica de veh\u00edculos europeos"},"image":{"@id":"https:\/\/europrimemotors.com\/#\/schema\/logo\/image\/"}}]}},"_links":{"self":[{"href":"https:\/\/europrimemotors.com\/en\/wp-json\/wp\/v2\/pages\/2996","targetHints":{"allow":["GET"]}}],"collection":[{"href":"https:\/\/europrimemotors.com\/en\/wp-json\/wp\/v2\/pages"}],"about":[{"href":"https:\/\/europrimemotors.com\/en\/wp-json\/wp\/v2\/types\/page"}],"author":[{"embeddable":true,"href":"https:\/\/europrimemotors.com\/en\/wp-json\/wp\/v2\/users\/2"}],"replies":[{"embeddable":true,"href":"https:\/\/europrimemotors.com\/en\/wp-json\/wp\/v2\/comments?post=2996"}],"version-history":[{"count":4,"href":"https:\/\/europrimemotors.com\/en\/wp-json\/wp\/v2\/pages\/2996\/revisions"}],"predecessor-version":[{"id":3000,"href":"https:\/\/europrimemotors.com\/en\/wp-json\/wp\/v2\/pages\/2996\/revisions\/3000"}],"wp:attachment":[{"href":"https:\/\/europrimemotors.com\/en\/wp-json\/wp\/v2\/media?parent=2996"}],"curies":[{"name":"wp","href":"https:\/\/api.w.org\/{rel}","templated":true}]}}