{"id":2990,"date":"2026-04-08T17:20:53","date_gmt":"2026-04-08T17:20:53","guid":{"rendered":"https:\/\/europrimemotors.com\/?page_id=2990"},"modified":"2026-04-08T17:21:59","modified_gmt":"2026-04-08T17:21:59","slug":"terminos-y-condiciones","status":"publish","type":"page","link":"https:\/\/europrimemotors.com\/en\/terminos-y-condiciones\/","title":{"rendered":"Terms and Conditions"},"content":{"rendered":"<div data-elementor-type=\"wp-page\" data-elementor-id=\"2990\" class=\"elementor elementor-2990\" data-elementor-post-type=\"page\">\n\t\t\t\t<div class=\"elementor-element elementor-element-9c7ffae e-flex e-con-boxed e-con e-parent\" data-id=\"9c7ffae\" data-element_type=\"container\" data-e-type=\"container\">\n\t\t\t\t\t<div class=\"e-con-inner\">\n\t\t\t\t<div class=\"elementor-element elementor-element-30b5807 elementor-widget elementor-widget-text-editor\" data-id=\"30b5807\" data-element_type=\"widget\" data-e-type=\"widget\" data-widget_type=\"text-editor.default\">\n\t\t\t\t\t\t\t\t\t<h5>1. Purpose of the Service<\/h5><p>EuroPrime Motors offers services including advice, intermediation, purchase management, transport and registration of vehicles from Germany for import into Spain.<\/p><h5>2. Obligations of the Parties<\/h5><p>The customer agrees to provide truthful information and the necessary funds within the agreed timeframe for the purchase of the vehicle. EuroPrime Motors agrees to act with the utmost professional diligence in verifying and managing the process.<\/p><h5>3. Limitation of Liability<\/h5><p>EuroPrime Motors acts as an intermediary and advisor. Although we carry out thorough checks, the final warranty for the vehicle rests with the original seller (German dealership) according to current European regulations.<\/p><h5>4. Economic Conditions<\/h5><p>Our service fees will be detailed in the personalized quote accepted by the client. Transportation costs, taxes, and official fees will be paid as stipulated in the agency agreement.<\/p><h5>5. Jurisdiction<\/h5><p>For the resolution of all disputes or issues related to this website or the activities carried out on it, Spanish legislation will apply, to which the parties expressly submit.<\/p>\t\t\t\t\t\t\t\t<\/div>\n\t\t\t\t\t<\/div>\n\t\t\t\t<\/div>\n\t\t\t\t<\/div>","protected":false},"excerpt":{"rendered":"<p>1. Objeto del Servicio EuroPrime Motors ofrece servicios de asesoramiento, intermediaci\u00f3n, gesti\u00f3n de compra, transporte y matriculaci\u00f3n de veh\u00edculos procedentes de Alemania para su importaci\u00f3n a Espa\u00f1a. 2. Obligaciones de las Partes El cliente se compromete a facilitar informaci\u00f3n veraz y los fondos necesarios en los plazos acordados para la adquisici\u00f3n del veh\u00edculo. EuroPrime Motors [&hellip;]<\/p>\n","protected":false},"author":2,"featured_media":0,"parent":0,"menu_order":0,"comment_status":"closed","ping_status":"closed","template":"","meta":{"footnotes":""},"class_list":["post-2990","page","type-page","status-publish","hentry"],"yoast_head":"<!-- This site is optimized with the Yoast SEO Premium plugin v27.3 (Yoast SEO v27.3) - https:\/\/yoast.com\/product\/yoast-seo-premium-wordpress\/ -->\n<title>T\u00e9rminos y Condiciones - EuroPrime Motors | Importaci\u00f3n estrat\u00e9gica de veh\u00edculos europeos<\/title>\n<meta name=\"robots\" content=\"index, follow, max-snippet:-1, max-image-preview:large, max-video-preview:-1\" \/>\n<link rel=\"canonical\" href=\"https:\/\/europrimemotors.com\/en\/terminos-y-condiciones\/\" \/>\n<meta property=\"og:locale\" content=\"en_US\" \/>\n<meta property=\"og:type\" content=\"article\" \/>\n<meta property=\"og:title\" content=\"T\u00e9rminos y Condiciones\" \/>\n<meta property=\"og:description\" content=\"1. Objeto del Servicio EuroPrime Motors ofrece servicios de asesoramiento, intermediaci\u00f3n, gesti\u00f3n de compra, transporte y matriculaci\u00f3n de veh\u00edculos procedentes de Alemania para su importaci\u00f3n a Espa\u00f1a. 2. Obligaciones de las Partes El cliente se compromete a facilitar informaci\u00f3n veraz y los fondos necesarios en los plazos acordados para la adquisici\u00f3n del veh\u00edculo. EuroPrime Motors [&hellip;]\" \/>\n<meta property=\"og:url\" content=\"https:\/\/europrimemotors.com\/en\/terminos-y-condiciones\/\" \/>\n<meta property=\"og:site_name\" content=\"EuroPrime Motors | Importaci\u00f3n estrat\u00e9gica de veh\u00edculos europeos\" \/>\n<meta property=\"article:modified_time\" content=\"2026-04-08T17:21:59+00:00\" \/>\n<meta name=\"twitter:card\" content=\"summary_large_image\" \/>\n<meta name=\"twitter:label1\" content=\"Est. reading time\" \/>\n\t<meta name=\"twitter:data1\" content=\"1 minute\" \/>\n<script type=\"application\/ld+json\" class=\"yoast-schema-graph\">{\"@context\":\"https:\\\/\\\/schema.org\",\"@graph\":[{\"@type\":\"WebPage\",\"@id\":\"https:\\\/\\\/europrimemotors.com\\\/terminos-y-condiciones\\\/\",\"url\":\"https:\\\/\\\/europrimemotors.com\\\/terminos-y-condiciones\\\/\",\"name\":\"T\u00e9rminos y Condiciones - EuroPrime Motors | Importaci\u00f3n estrat\u00e9gica de veh\u00edculos europeos\",\"isPartOf\":{\"@id\":\"https:\\\/\\\/europrimemotors.com\\\/#website\"},\"datePublished\":\"2026-04-08T17:20:53+00:00\",\"dateModified\":\"2026-04-08T17:21:59+00:00\",\"breadcrumb\":{\"@id\":\"https:\\\/\\\/europrimemotors.com\\\/terminos-y-condiciones\\\/#breadcrumb\"},\"inLanguage\":\"en-US\",\"potentialAction\":[{\"@type\":\"ReadAction\",\"target\":[\"https:\\\/\\\/europrimemotors.com\\\/terminos-y-condiciones\\\/\"]}]},{\"@type\":\"BreadcrumbList\",\"@id\":\"https:\\\/\\\/europrimemotors.com\\\/terminos-y-condiciones\\\/#breadcrumb\",\"itemListElement\":[{\"@type\":\"ListItem\",\"position\":1,\"name\":\"Portada\",\"item\":\"https:\\\/\\\/europrimemotors.com\\\/\"},{\"@type\":\"ListItem\",\"position\":2,\"name\":\"T\u00e9rminos y Condiciones\"}]},{\"@type\":\"WebSite\",\"@id\":\"https:\\\/\\\/europrimemotors.com\\\/#website\",\"url\":\"https:\\\/\\\/europrimemotors.com\\\/\",\"name\":\"EuroPrime Motors | Importaci\u00f3n estrat\u00e9gica de veh\u00edculos europeos\",\"description\":\"Especialistas en importaci\u00f3n y gesti\u00f3n integral de veh\u00edculos desde Alemania con seguridad, m\u00e9todo y control absoluto.\",\"publisher\":{\"@id\":\"https:\\\/\\\/europrimemotors.com\\\/#organization\"},\"potentialAction\":[{\"@type\":\"SearchAction\",\"target\":{\"@type\":\"EntryPoint\",\"urlTemplate\":\"https:\\\/\\\/europrimemotors.com\\\/?s={search_term_string}\"},\"query-input\":{\"@type\":\"PropertyValueSpecification\",\"valueRequired\":true,\"valueName\":\"search_term_string\"}}],\"inLanguage\":\"en-US\"},{\"@type\":\"Organization\",\"@id\":\"https:\\\/\\\/europrimemotors.com\\\/#organization\",\"name\":\"EuroPrime Motors | Importaci\u00f3n estrat\u00e9gica de veh\u00edculos europeos\",\"url\":\"https:\\\/\\\/europrimemotors.com\\\/\",\"logo\":{\"@type\":\"ImageObject\",\"inLanguage\":\"en-US\",\"@id\":\"https:\\\/\\\/europrimemotors.com\\\/#\\\/schema\\\/logo\\\/image\\\/\",\"url\":\"https:\\\/\\\/europrimemotors.com\\\/wp-content\\\/uploads\\\/2026\\\/01\\\/cropped-cropped-cropped-europrimelogo-e1775614956380.png\",\"contentUrl\":\"https:\\\/\\\/europrimemotors.com\\\/wp-content\\\/uploads\\\/2026\\\/01\\\/cropped-cropped-cropped-europrimelogo-e1775614956380.png\",\"width\":1480,\"height\":353,\"caption\":\"EuroPrime Motors | Importaci\u00f3n estrat\u00e9gica de veh\u00edculos europeos\"},\"image\":{\"@id\":\"https:\\\/\\\/europrimemotors.com\\\/#\\\/schema\\\/logo\\\/image\\\/\"}}]}<\/script>\n<!-- \/ Yoast SEO Premium plugin. -->","yoast_head_json":{"title":"Terms and Conditions - EuroPrime Motors | Strategic Import of European Vehicles","robots":{"index":"index","follow":"follow","max-snippet":"max-snippet:-1","max-image-preview":"max-image-preview:large","max-video-preview":"max-video-preview:-1"},"canonical":"https:\/\/europrimemotors.com\/en\/terminos-y-condiciones\/","og_locale":"en_US","og_type":"article","og_title":"T\u00e9rminos y Condiciones","og_description":"1. Objeto del Servicio EuroPrime Motors ofrece servicios de asesoramiento, intermediaci\u00f3n, gesti\u00f3n de compra, transporte y matriculaci\u00f3n de veh\u00edculos procedentes de Alemania para su importaci\u00f3n a Espa\u00f1a. 2. Obligaciones de las Partes El cliente se compromete a facilitar informaci\u00f3n veraz y los fondos necesarios en los plazos acordados para la adquisici\u00f3n del veh\u00edculo. EuroPrime Motors [&hellip;]","og_url":"https:\/\/europrimemotors.com\/en\/terminos-y-condiciones\/","og_site_name":"EuroPrime Motors | Importaci\u00f3n estrat\u00e9gica de veh\u00edculos europeos","article_modified_time":"2026-04-08T17:21:59+00:00","twitter_card":"summary_large_image","twitter_misc":{"Est. reading time":"1 minute"},"schema":{"@context":"https:\/\/schema.org","@graph":[{"@type":"WebPage","@id":"https:\/\/europrimemotors.com\/terminos-y-condiciones\/","url":"https:\/\/europrimemotors.com\/terminos-y-condiciones\/","name":"Terms and Conditions - EuroPrime Motors | Strategic Import of European Vehicles","isPartOf":{"@id":"https:\/\/europrimemotors.com\/#website"},"datePublished":"2026-04-08T17:20:53+00:00","dateModified":"2026-04-08T17:21:59+00:00","breadcrumb":{"@id":"https:\/\/europrimemotors.com\/terminos-y-condiciones\/#breadcrumb"},"inLanguage":"en-US","potentialAction":[{"@type":"ReadAction","target":["https:\/\/europrimemotors.com\/terminos-y-condiciones\/"]}]},{"@type":"BreadcrumbList","@id":"https:\/\/europrimemotors.com\/terminos-y-condiciones\/#breadcrumb","itemListElement":[{"@type":"ListItem","position":1,"name":"Portada","item":"https:\/\/europrimemotors.com\/"},{"@type":"ListItem","position":2,"name":"T\u00e9rminos y Condiciones"}]},{"@type":"WebSite","@id":"https:\/\/europrimemotors.com\/#website","url":"https:\/\/europrimemotors.com\/","name":"EuroPrime Motors | Strategic Import of European Vehicles","description":"Specialists in importing and managing vehicles from Germany with security, method and absolute control.","publisher":{"@id":"https:\/\/europrimemotors.com\/#organization"},"potentialAction":[{"@type":"SearchAction","target":{"@type":"EntryPoint","urlTemplate":"https:\/\/europrimemotors.com\/?s={search_term_string}"},"query-input":{"@type":"PropertyValueSpecification","valueRequired":true,"valueName":"search_term_string"}}],"inLanguage":"en-US"},{"@type":"Organization","@id":"https:\/\/europrimemotors.com\/#organization","name":"EuroPrime Motors | Strategic Import of European Vehicles","url":"https:\/\/europrimemotors.com\/","logo":{"@type":"ImageObject","inLanguage":"en-US","@id":"https:\/\/europrimemotors.com\/#\/schema\/logo\/image\/","url":"https:\/\/europrimemotors.com\/wp-content\/uploads\/2026\/01\/cropped-cropped-cropped-europrimelogo-e1775614956380.png","contentUrl":"https:\/\/europrimemotors.com\/wp-content\/uploads\/2026\/01\/cropped-cropped-cropped-europrimelogo-e1775614956380.png","width":1480,"height":353,"caption":"EuroPrime Motors | Importaci\u00f3n estrat\u00e9gica de veh\u00edculos europeos"},"image":{"@id":"https:\/\/europrimemotors.com\/#\/schema\/logo\/image\/"}}]}},"_links":{"self":[{"href":"https:\/\/europrimemotors.com\/en\/wp-json\/wp\/v2\/pages\/2990","targetHints":{"allow":["GET"]}}],"collection":[{"href":"https:\/\/europrimemotors.com\/en\/wp-json\/wp\/v2\/pages"}],"about":[{"href":"https:\/\/europrimemotors.com\/en\/wp-json\/wp\/v2\/types\/page"}],"author":[{"embeddable":true,"href":"https:\/\/europrimemotors.com\/en\/wp-json\/wp\/v2\/users\/2"}],"replies":[{"embeddable":true,"href":"https:\/\/europrimemotors.com\/en\/wp-json\/wp\/v2\/comments?post=2990"}],"version-history":[{"count":4,"href":"https:\/\/europrimemotors.com\/en\/wp-json\/wp\/v2\/pages\/2990\/revisions"}],"predecessor-version":[{"id":2995,"href":"https:\/\/europrimemotors.com\/en\/wp-json\/wp\/v2\/pages\/2990\/revisions\/2995"}],"wp:attachment":[{"href":"https:\/\/europrimemotors.com\/en\/wp-json\/wp\/v2\/media?parent=2990"}],"curies":[{"name":"wp","href":"https:\/\/api.w.org\/{rel}","templated":true}]}}