{"id":2985,"date":"2026-04-08T17:19:28","date_gmt":"2026-04-08T17:19:28","guid":{"rendered":"https:\/\/europrimemotors.com\/?page_id=2985"},"modified":"2026-04-08T17:20:45","modified_gmt":"2026-04-08T17:20:45","slug":"politica-de-privacidad","status":"publish","type":"page","link":"https:\/\/europrimemotors.com\/en\/politica-de-privacidad\/","title":{"rendered":"Privacy Policy"},"content":{"rendered":"<div data-elementor-type=\"wp-page\" data-elementor-id=\"2985\" class=\"elementor elementor-2985\" data-elementor-post-type=\"page\">\n\t\t\t\t<div class=\"elementor-element elementor-element-9b959e8 e-flex e-con-boxed e-con e-parent\" data-id=\"9b959e8\" data-element_type=\"container\" data-e-type=\"container\">\n\t\t\t\t\t<div class=\"e-con-inner\">\n\t\t\t\t<div class=\"elementor-element elementor-element-b2d4c55 elementor-widget elementor-widget-text-editor\" data-id=\"b2d4c55\" data-element_type=\"widget\" data-e-type=\"widget\" data-widget_type=\"text-editor.default\">\n\t\t\t\t\t\t\t\t\t<h5>1. User Information<\/h5><p>EuroPrime Motors, as Data Controller, informs you that, in accordance with Regulation (EU) 2016\/679 of 27 April (GDPR) and Organic Law 3\/2018 of 5 December on the protection of personal data and guarantee of digital rights (LOPDGDD), we will process your data as reflected in this Privacy Policy.<\/p><h5>2. Purpose of the Processing<\/h5><p>We process the information provided by interested parties in order to manage the sending of requested information, provide offers of products and services of interest to them, and manage communication via WhatsApp for advice on vehicle imports.<\/p><h5>3. Legitimation<\/h5><p>The legal basis for processing your data is the consent of the interested party, which is requested when you contact us through our forms or communication channels (WhatsApp).<\/p><h5>4. Data Retention<\/h5><p>The data provided will be kept for as long as the business relationship is maintained or for the years necessary to comply with legal obligations.<\/p><h5>5. User Rights<\/h5><p>Everyone has the right to obtain confirmation as to whether or not EuroPrime Motors is processing personal data concerning them. Data subjects have the right to access their personal data, as well as to request the rectification of inaccurate data or, where appropriate, to request its erasure.<\/p>\t\t\t\t\t\t\t\t<\/div>\n\t\t\t\t\t<\/div>\n\t\t\t\t<\/div>\n\t\t\t\t<\/div>","protected":false},"excerpt":{"rendered":"<p>1. Informaci\u00f3n al Usuario EuroPrime Motors, como Responsable del Tratamiento, le informa que, seg\u00fan lo dispuesto en el Reglamento (UE) 2016\/679, de 27 de abril, (RGPD) y en la L.O. 3\/2018, de 5 de diciembre, de protecci\u00f3n de datos y garant\u00eda de los derechos digitales (LOPDGDD), trataremos sus datos tal y como reflejamos en la [&hellip;]<\/p>\n","protected":false},"author":2,"featured_media":0,"parent":0,"menu_order":0,"comment_status":"closed","ping_status":"closed","template":"","meta":{"footnotes":""},"class_list":["post-2985","page","type-page","status-publish","hentry"],"yoast_head":"<!-- This site is optimized with the Yoast SEO Premium plugin v27.3 (Yoast SEO v27.3) - https:\/\/yoast.com\/product\/yoast-seo-premium-wordpress\/ -->\n<title>Pol\u00edtica de Privacidad - EuroPrime Motors | Importaci\u00f3n estrat\u00e9gica de veh\u00edculos europeos<\/title>\n<meta name=\"robots\" content=\"index, follow, max-snippet:-1, max-image-preview:large, max-video-preview:-1\" \/>\n<link rel=\"canonical\" href=\"https:\/\/europrimemotors.com\/en\/politica-de-privacidad\/\" \/>\n<meta property=\"og:locale\" content=\"en_US\" \/>\n<meta property=\"og:type\" content=\"article\" \/>\n<meta property=\"og:title\" content=\"Pol\u00edtica de Privacidad\" \/>\n<meta property=\"og:description\" content=\"1. Informaci\u00f3n al Usuario EuroPrime Motors, como Responsable del Tratamiento, le informa que, seg\u00fan lo dispuesto en el Reglamento (UE) 2016\/679, de 27 de abril, (RGPD) y en la L.O. 3\/2018, de 5 de diciembre, de protecci\u00f3n de datos y garant\u00eda de los derechos digitales (LOPDGDD), trataremos sus datos tal y como reflejamos en la [&hellip;]\" \/>\n<meta property=\"og:url\" content=\"https:\/\/europrimemotors.com\/en\/politica-de-privacidad\/\" \/>\n<meta property=\"og:site_name\" content=\"EuroPrime Motors | Importaci\u00f3n estrat\u00e9gica de veh\u00edculos europeos\" \/>\n<meta property=\"article:modified_time\" content=\"2026-04-08T17:20:45+00:00\" \/>\n<meta name=\"twitter:card\" content=\"summary_large_image\" \/>\n<meta name=\"twitter:label1\" content=\"Est. reading time\" \/>\n\t<meta name=\"twitter:data1\" content=\"2 minutes\" \/>\n<script type=\"application\/ld+json\" class=\"yoast-schema-graph\">{\"@context\":\"https:\\\/\\\/schema.org\",\"@graph\":[{\"@type\":\"WebPage\",\"@id\":\"https:\\\/\\\/europrimemotors.com\\\/politica-de-privacidad\\\/\",\"url\":\"https:\\\/\\\/europrimemotors.com\\\/politica-de-privacidad\\\/\",\"name\":\"Pol\u00edtica de Privacidad - EuroPrime Motors | Importaci\u00f3n estrat\u00e9gica de veh\u00edculos europeos\",\"isPartOf\":{\"@id\":\"https:\\\/\\\/europrimemotors.com\\\/#website\"},\"datePublished\":\"2026-04-08T17:19:28+00:00\",\"dateModified\":\"2026-04-08T17:20:45+00:00\",\"breadcrumb\":{\"@id\":\"https:\\\/\\\/europrimemotors.com\\\/politica-de-privacidad\\\/#breadcrumb\"},\"inLanguage\":\"en-US\",\"potentialAction\":[{\"@type\":\"ReadAction\",\"target\":[\"https:\\\/\\\/europrimemotors.com\\\/politica-de-privacidad\\\/\"]}]},{\"@type\":\"BreadcrumbList\",\"@id\":\"https:\\\/\\\/europrimemotors.com\\\/politica-de-privacidad\\\/#breadcrumb\",\"itemListElement\":[{\"@type\":\"ListItem\",\"position\":1,\"name\":\"Portada\",\"item\":\"https:\\\/\\\/europrimemotors.com\\\/\"},{\"@type\":\"ListItem\",\"position\":2,\"name\":\"Pol\u00edtica de Privacidad\"}]},{\"@type\":\"WebSite\",\"@id\":\"https:\\\/\\\/europrimemotors.com\\\/#website\",\"url\":\"https:\\\/\\\/europrimemotors.com\\\/\",\"name\":\"EuroPrime Motors | Importaci\u00f3n estrat\u00e9gica de veh\u00edculos europeos\",\"description\":\"Especialistas en importaci\u00f3n y gesti\u00f3n integral de veh\u00edculos desde Alemania con seguridad, m\u00e9todo y control absoluto.\",\"publisher\":{\"@id\":\"https:\\\/\\\/europrimemotors.com\\\/#organization\"},\"potentialAction\":[{\"@type\":\"SearchAction\",\"target\":{\"@type\":\"EntryPoint\",\"urlTemplate\":\"https:\\\/\\\/europrimemotors.com\\\/?s={search_term_string}\"},\"query-input\":{\"@type\":\"PropertyValueSpecification\",\"valueRequired\":true,\"valueName\":\"search_term_string\"}}],\"inLanguage\":\"en-US\"},{\"@type\":\"Organization\",\"@id\":\"https:\\\/\\\/europrimemotors.com\\\/#organization\",\"name\":\"EuroPrime Motors | Importaci\u00f3n estrat\u00e9gica de veh\u00edculos europeos\",\"url\":\"https:\\\/\\\/europrimemotors.com\\\/\",\"logo\":{\"@type\":\"ImageObject\",\"inLanguage\":\"en-US\",\"@id\":\"https:\\\/\\\/europrimemotors.com\\\/#\\\/schema\\\/logo\\\/image\\\/\",\"url\":\"https:\\\/\\\/europrimemotors.com\\\/wp-content\\\/uploads\\\/2026\\\/01\\\/cropped-cropped-cropped-europrimelogo-e1775614956380.png\",\"contentUrl\":\"https:\\\/\\\/europrimemotors.com\\\/wp-content\\\/uploads\\\/2026\\\/01\\\/cropped-cropped-cropped-europrimelogo-e1775614956380.png\",\"width\":1480,\"height\":353,\"caption\":\"EuroPrime Motors | Importaci\u00f3n estrat\u00e9gica de veh\u00edculos europeos\"},\"image\":{\"@id\":\"https:\\\/\\\/europrimemotors.com\\\/#\\\/schema\\\/logo\\\/image\\\/\"}}]}<\/script>\n<!-- \/ Yoast SEO Premium plugin. -->","yoast_head_json":{"title":"Privacy Policy - EuroPrime Motors | Strategic Import of European Vehicles","robots":{"index":"index","follow":"follow","max-snippet":"max-snippet:-1","max-image-preview":"max-image-preview:large","max-video-preview":"max-video-preview:-1"},"canonical":"https:\/\/europrimemotors.com\/en\/politica-de-privacidad\/","og_locale":"en_US","og_type":"article","og_title":"Pol\u00edtica de Privacidad","og_description":"1. Informaci\u00f3n al Usuario EuroPrime Motors, como Responsable del Tratamiento, le informa que, seg\u00fan lo dispuesto en el Reglamento (UE) 2016\/679, de 27 de abril, (RGPD) y en la L.O. 3\/2018, de 5 de diciembre, de protecci\u00f3n de datos y garant\u00eda de los derechos digitales (LOPDGDD), trataremos sus datos tal y como reflejamos en la [&hellip;]","og_url":"https:\/\/europrimemotors.com\/en\/politica-de-privacidad\/","og_site_name":"EuroPrime Motors | Importaci\u00f3n estrat\u00e9gica de veh\u00edculos europeos","article_modified_time":"2026-04-08T17:20:45+00:00","twitter_card":"summary_large_image","twitter_misc":{"Est. reading time":"2 minutes"},"schema":{"@context":"https:\/\/schema.org","@graph":[{"@type":"WebPage","@id":"https:\/\/europrimemotors.com\/politica-de-privacidad\/","url":"https:\/\/europrimemotors.com\/politica-de-privacidad\/","name":"Privacy Policy - EuroPrime Motors | Strategic Import of European Vehicles","isPartOf":{"@id":"https:\/\/europrimemotors.com\/#website"},"datePublished":"2026-04-08T17:19:28+00:00","dateModified":"2026-04-08T17:20:45+00:00","breadcrumb":{"@id":"https:\/\/europrimemotors.com\/politica-de-privacidad\/#breadcrumb"},"inLanguage":"en-US","potentialAction":[{"@type":"ReadAction","target":["https:\/\/europrimemotors.com\/politica-de-privacidad\/"]}]},{"@type":"BreadcrumbList","@id":"https:\/\/europrimemotors.com\/politica-de-privacidad\/#breadcrumb","itemListElement":[{"@type":"ListItem","position":1,"name":"Portada","item":"https:\/\/europrimemotors.com\/"},{"@type":"ListItem","position":2,"name":"Pol\u00edtica de Privacidad"}]},{"@type":"WebSite","@id":"https:\/\/europrimemotors.com\/#website","url":"https:\/\/europrimemotors.com\/","name":"EuroPrime Motors | Strategic Import of European Vehicles","description":"Specialists in importing and managing vehicles from Germany with security, method and absolute control.","publisher":{"@id":"https:\/\/europrimemotors.com\/#organization"},"potentialAction":[{"@type":"SearchAction","target":{"@type":"EntryPoint","urlTemplate":"https:\/\/europrimemotors.com\/?s={search_term_string}"},"query-input":{"@type":"PropertyValueSpecification","valueRequired":true,"valueName":"search_term_string"}}],"inLanguage":"en-US"},{"@type":"Organization","@id":"https:\/\/europrimemotors.com\/#organization","name":"EuroPrime Motors | Strategic Import of European Vehicles","url":"https:\/\/europrimemotors.com\/","logo":{"@type":"ImageObject","inLanguage":"en-US","@id":"https:\/\/europrimemotors.com\/#\/schema\/logo\/image\/","url":"https:\/\/europrimemotors.com\/wp-content\/uploads\/2026\/01\/cropped-cropped-cropped-europrimelogo-e1775614956380.png","contentUrl":"https:\/\/europrimemotors.com\/wp-content\/uploads\/2026\/01\/cropped-cropped-cropped-europrimelogo-e1775614956380.png","width":1480,"height":353,"caption":"EuroPrime Motors | Importaci\u00f3n estrat\u00e9gica de veh\u00edculos europeos"},"image":{"@id":"https:\/\/europrimemotors.com\/#\/schema\/logo\/image\/"}}]}},"_links":{"self":[{"href":"https:\/\/europrimemotors.com\/en\/wp-json\/wp\/v2\/pages\/2985","targetHints":{"allow":["GET"]}}],"collection":[{"href":"https:\/\/europrimemotors.com\/en\/wp-json\/wp\/v2\/pages"}],"about":[{"href":"https:\/\/europrimemotors.com\/en\/wp-json\/wp\/v2\/types\/page"}],"author":[{"embeddable":true,"href":"https:\/\/europrimemotors.com\/en\/wp-json\/wp\/v2\/users\/2"}],"replies":[{"embeddable":true,"href":"https:\/\/europrimemotors.com\/en\/wp-json\/wp\/v2\/comments?post=2985"}],"version-history":[{"count":4,"href":"https:\/\/europrimemotors.com\/en\/wp-json\/wp\/v2\/pages\/2985\/revisions"}],"predecessor-version":[{"id":2989,"href":"https:\/\/europrimemotors.com\/en\/wp-json\/wp\/v2\/pages\/2985\/revisions\/2989"}],"wp:attachment":[{"href":"https:\/\/europrimemotors.com\/en\/wp-json\/wp\/v2\/media?parent=2985"}],"curies":[{"name":"wp","href":"https:\/\/api.w.org\/{rel}","templated":true}]}}