{"id":2980,"date":"2026-04-08T17:17:03","date_gmt":"2026-04-08T17:17:03","guid":{"rendered":"https:\/\/europrimemotors.com\/?page_id=2980"},"modified":"2026-04-08T17:19:13","modified_gmt":"2026-04-08T17:19:13","slug":"politica-de-cookies","status":"publish","type":"page","link":"https:\/\/europrimemotors.com\/en\/politica-de-cookies\/","title":{"rendered":"Cookie Policy"},"content":{"rendered":"<div data-elementor-type=\"wp-page\" data-elementor-id=\"2980\" class=\"elementor elementor-2980\" data-elementor-post-type=\"page\">\n\t\t\t\t<div class=\"elementor-element elementor-element-53f10fc e-flex e-con-boxed e-con e-parent\" data-id=\"53f10fc\" data-element_type=\"container\" data-e-type=\"container\">\n\t\t\t\t\t<div class=\"e-con-inner\">\n\t\t\t\t<div class=\"elementor-element elementor-element-97d0ae8 elementor-widget elementor-widget-text-editor\" data-id=\"97d0ae8\" data-element_type=\"widget\" data-e-type=\"widget\" data-widget_type=\"text-editor.default\">\n\t\t\t\t\t\t\t\t\t<h5>1. What are cookies?<\/h5><p>A cookie is a file that is downloaded to your computer when you access certain web pages. Cookies allow a website, among other things, to store and retrieve information about a user's browsing habits or their device.<\/p><h5>2. What types of cookies does this website use?<\/h5><p>Technical cookies: These are those that allow the user to navigate through a website, platform or application and use the different options or services that exist on it.<\/p><p>Analytical cookies: These are cookies that, whether processed by us or by third parties, allow us to quantify the number of users and thus perform statistical measurement and analysis of how users use the service offered.<\/p><h5>3. Revocation and deletion of cookies<\/h5><p>You can allow, block, or delete cookies installed on your computer by configuring your browser settings. If you do not allow cookies to be installed on your browser, you may not be able to access some sections of our website.<\/p><h5>4. Third-party service providers<\/h5><p>Specifically, the third-party service providers with whom we have contracted some service for which the use of cookies is necessary are web analytics and performance optimization services.<\/p>\t\t\t\t\t\t\t\t<\/div>\n\t\t\t\t\t<\/div>\n\t\t\t\t<\/div>\n\t\t\t\t<\/div>","protected":false},"excerpt":{"rendered":"<p>1. \u00bfQu\u00e9 son las cookies? Una cookie es un fichero que se descarga en su ordenador al acceder a determinadas p\u00e1ginas web. Las cookies permiten a una p\u00e1gina web, entre otras cosas, almacenar y recuperar informaci\u00f3n sobre los h\u00e1bitos de navegaci\u00f3n de un usuario o de su equipo. 2. \u00bfQu\u00e9 tipos de cookies utiliza esta [&hellip;]<\/p>\n","protected":false},"author":2,"featured_media":0,"parent":0,"menu_order":0,"comment_status":"closed","ping_status":"closed","template":"","meta":{"footnotes":""},"class_list":["post-2980","page","type-page","status-publish","hentry"],"yoast_head":"<!-- This site is optimized with the Yoast SEO Premium plugin v27.3 (Yoast SEO v27.3) - https:\/\/yoast.com\/product\/yoast-seo-premium-wordpress\/ -->\n<title>Pol\u00edtica de Cookies - EuroPrime Motors | Importaci\u00f3n estrat\u00e9gica de veh\u00edculos europeos<\/title>\n<meta name=\"robots\" content=\"index, follow, max-snippet:-1, max-image-preview:large, max-video-preview:-1\" \/>\n<link rel=\"canonical\" href=\"https:\/\/europrimemotors.com\/en\/politica-de-cookies\/\" \/>\n<meta property=\"og:locale\" content=\"en_US\" \/>\n<meta property=\"og:type\" content=\"article\" \/>\n<meta property=\"og:title\" content=\"Pol\u00edtica de Cookies\" \/>\n<meta property=\"og:description\" content=\"1. \u00bfQu\u00e9 son las cookies? Una cookie es un fichero que se descarga en su ordenador al acceder a determinadas p\u00e1ginas web. Las cookies permiten a una p\u00e1gina web, entre otras cosas, almacenar y recuperar informaci\u00f3n sobre los h\u00e1bitos de navegaci\u00f3n de un usuario o de su equipo. 2. \u00bfQu\u00e9 tipos de cookies utiliza esta [&hellip;]\" \/>\n<meta property=\"og:url\" content=\"https:\/\/europrimemotors.com\/en\/politica-de-cookies\/\" \/>\n<meta property=\"og:site_name\" content=\"EuroPrime Motors | Importaci\u00f3n estrat\u00e9gica de veh\u00edculos europeos\" \/>\n<meta property=\"article:modified_time\" content=\"2026-04-08T17:19:13+00:00\" \/>\n<meta name=\"twitter:card\" content=\"summary_large_image\" \/>\n<meta name=\"twitter:label1\" content=\"Est. reading time\" \/>\n\t<meta name=\"twitter:data1\" content=\"2 minutes\" \/>\n<script type=\"application\/ld+json\" class=\"yoast-schema-graph\">{\"@context\":\"https:\\\/\\\/schema.org\",\"@graph\":[{\"@type\":\"WebPage\",\"@id\":\"https:\\\/\\\/europrimemotors.com\\\/politica-de-cookies\\\/\",\"url\":\"https:\\\/\\\/europrimemotors.com\\\/politica-de-cookies\\\/\",\"name\":\"Pol\u00edtica de Cookies - EuroPrime Motors | Importaci\u00f3n estrat\u00e9gica de veh\u00edculos europeos\",\"isPartOf\":{\"@id\":\"https:\\\/\\\/europrimemotors.com\\\/#website\"},\"datePublished\":\"2026-04-08T17:17:03+00:00\",\"dateModified\":\"2026-04-08T17:19:13+00:00\",\"breadcrumb\":{\"@id\":\"https:\\\/\\\/europrimemotors.com\\\/politica-de-cookies\\\/#breadcrumb\"},\"inLanguage\":\"en-US\",\"potentialAction\":[{\"@type\":\"ReadAction\",\"target\":[\"https:\\\/\\\/europrimemotors.com\\\/politica-de-cookies\\\/\"]}]},{\"@type\":\"BreadcrumbList\",\"@id\":\"https:\\\/\\\/europrimemotors.com\\\/politica-de-cookies\\\/#breadcrumb\",\"itemListElement\":[{\"@type\":\"ListItem\",\"position\":1,\"name\":\"Portada\",\"item\":\"https:\\\/\\\/europrimemotors.com\\\/\"},{\"@type\":\"ListItem\",\"position\":2,\"name\":\"Pol\u00edtica de Cookies\"}]},{\"@type\":\"WebSite\",\"@id\":\"https:\\\/\\\/europrimemotors.com\\\/#website\",\"url\":\"https:\\\/\\\/europrimemotors.com\\\/\",\"name\":\"EuroPrime Motors | Importaci\u00f3n estrat\u00e9gica de veh\u00edculos europeos\",\"description\":\"Especialistas en importaci\u00f3n y gesti\u00f3n integral de veh\u00edculos desde Alemania con seguridad, m\u00e9todo y control absoluto.\",\"publisher\":{\"@id\":\"https:\\\/\\\/europrimemotors.com\\\/#organization\"},\"potentialAction\":[{\"@type\":\"SearchAction\",\"target\":{\"@type\":\"EntryPoint\",\"urlTemplate\":\"https:\\\/\\\/europrimemotors.com\\\/?s={search_term_string}\"},\"query-input\":{\"@type\":\"PropertyValueSpecification\",\"valueRequired\":true,\"valueName\":\"search_term_string\"}}],\"inLanguage\":\"en-US\"},{\"@type\":\"Organization\",\"@id\":\"https:\\\/\\\/europrimemotors.com\\\/#organization\",\"name\":\"EuroPrime Motors | Importaci\u00f3n estrat\u00e9gica de veh\u00edculos europeos\",\"url\":\"https:\\\/\\\/europrimemotors.com\\\/\",\"logo\":{\"@type\":\"ImageObject\",\"inLanguage\":\"en-US\",\"@id\":\"https:\\\/\\\/europrimemotors.com\\\/#\\\/schema\\\/logo\\\/image\\\/\",\"url\":\"https:\\\/\\\/europrimemotors.com\\\/wp-content\\\/uploads\\\/2026\\\/01\\\/cropped-cropped-cropped-europrimelogo-e1775614956380.png\",\"contentUrl\":\"https:\\\/\\\/europrimemotors.com\\\/wp-content\\\/uploads\\\/2026\\\/01\\\/cropped-cropped-cropped-europrimelogo-e1775614956380.png\",\"width\":1480,\"height\":353,\"caption\":\"EuroPrime Motors | Importaci\u00f3n estrat\u00e9gica de veh\u00edculos europeos\"},\"image\":{\"@id\":\"https:\\\/\\\/europrimemotors.com\\\/#\\\/schema\\\/logo\\\/image\\\/\"}}]}<\/script>\n<!-- \/ Yoast SEO Premium plugin. -->","yoast_head_json":{"title":"Cookie Policy - EuroPrime Motors | Strategic Import of European Vehicles","robots":{"index":"index","follow":"follow","max-snippet":"max-snippet:-1","max-image-preview":"max-image-preview:large","max-video-preview":"max-video-preview:-1"},"canonical":"https:\/\/europrimemotors.com\/en\/politica-de-cookies\/","og_locale":"en_US","og_type":"article","og_title":"Pol\u00edtica de Cookies","og_description":"1. \u00bfQu\u00e9 son las cookies? Una cookie es un fichero que se descarga en su ordenador al acceder a determinadas p\u00e1ginas web. Las cookies permiten a una p\u00e1gina web, entre otras cosas, almacenar y recuperar informaci\u00f3n sobre los h\u00e1bitos de navegaci\u00f3n de un usuario o de su equipo. 2. \u00bfQu\u00e9 tipos de cookies utiliza esta [&hellip;]","og_url":"https:\/\/europrimemotors.com\/en\/politica-de-cookies\/","og_site_name":"EuroPrime Motors | Importaci\u00f3n estrat\u00e9gica de veh\u00edculos europeos","article_modified_time":"2026-04-08T17:19:13+00:00","twitter_card":"summary_large_image","twitter_misc":{"Est. reading time":"2 minutes"},"schema":{"@context":"https:\/\/schema.org","@graph":[{"@type":"WebPage","@id":"https:\/\/europrimemotors.com\/politica-de-cookies\/","url":"https:\/\/europrimemotors.com\/politica-de-cookies\/","name":"Cookie Policy - EuroPrime Motors | Strategic Import of European Vehicles","isPartOf":{"@id":"https:\/\/europrimemotors.com\/#website"},"datePublished":"2026-04-08T17:17:03+00:00","dateModified":"2026-04-08T17:19:13+00:00","breadcrumb":{"@id":"https:\/\/europrimemotors.com\/politica-de-cookies\/#breadcrumb"},"inLanguage":"en-US","potentialAction":[{"@type":"ReadAction","target":["https:\/\/europrimemotors.com\/politica-de-cookies\/"]}]},{"@type":"BreadcrumbList","@id":"https:\/\/europrimemotors.com\/politica-de-cookies\/#breadcrumb","itemListElement":[{"@type":"ListItem","position":1,"name":"Portada","item":"https:\/\/europrimemotors.com\/"},{"@type":"ListItem","position":2,"name":"Pol\u00edtica de Cookies"}]},{"@type":"WebSite","@id":"https:\/\/europrimemotors.com\/#website","url":"https:\/\/europrimemotors.com\/","name":"EuroPrime Motors | Strategic Import of European Vehicles","description":"Specialists in importing and managing vehicles from Germany with security, method and absolute control.","publisher":{"@id":"https:\/\/europrimemotors.com\/#organization"},"potentialAction":[{"@type":"SearchAction","target":{"@type":"EntryPoint","urlTemplate":"https:\/\/europrimemotors.com\/?s={search_term_string}"},"query-input":{"@type":"PropertyValueSpecification","valueRequired":true,"valueName":"search_term_string"}}],"inLanguage":"en-US"},{"@type":"Organization","@id":"https:\/\/europrimemotors.com\/#organization","name":"EuroPrime Motors | Strategic Import of European Vehicles","url":"https:\/\/europrimemotors.com\/","logo":{"@type":"ImageObject","inLanguage":"en-US","@id":"https:\/\/europrimemotors.com\/#\/schema\/logo\/image\/","url":"https:\/\/europrimemotors.com\/wp-content\/uploads\/2026\/01\/cropped-cropped-cropped-europrimelogo-e1775614956380.png","contentUrl":"https:\/\/europrimemotors.com\/wp-content\/uploads\/2026\/01\/cropped-cropped-cropped-europrimelogo-e1775614956380.png","width":1480,"height":353,"caption":"EuroPrime Motors | Importaci\u00f3n estrat\u00e9gica de veh\u00edculos europeos"},"image":{"@id":"https:\/\/europrimemotors.com\/#\/schema\/logo\/image\/"}}]}},"_links":{"self":[{"href":"https:\/\/europrimemotors.com\/en\/wp-json\/wp\/v2\/pages\/2980","targetHints":{"allow":["GET"]}}],"collection":[{"href":"https:\/\/europrimemotors.com\/en\/wp-json\/wp\/v2\/pages"}],"about":[{"href":"https:\/\/europrimemotors.com\/en\/wp-json\/wp\/v2\/types\/page"}],"author":[{"embeddable":true,"href":"https:\/\/europrimemotors.com\/en\/wp-json\/wp\/v2\/users\/2"}],"replies":[{"embeddable":true,"href":"https:\/\/europrimemotors.com\/en\/wp-json\/wp\/v2\/comments?post=2980"}],"version-history":[{"count":4,"href":"https:\/\/europrimemotors.com\/en\/wp-json\/wp\/v2\/pages\/2980\/revisions"}],"predecessor-version":[{"id":2984,"href":"https:\/\/europrimemotors.com\/en\/wp-json\/wp\/v2\/pages\/2980\/revisions\/2984"}],"wp:attachment":[{"href":"https:\/\/europrimemotors.com\/en\/wp-json\/wp\/v2\/media?parent=2980"}],"curies":[{"name":"wp","href":"https:\/\/api.w.org\/{rel}","templated":true}]}}