{"id":2900,"date":"2026-04-08T16:23:07","date_gmt":"2026-04-08T16:23:07","guid":{"rendered":"https:\/\/europrimemotors.com\/?page_id=2900"},"modified":"2026-04-08T17:33:14","modified_gmt":"2026-04-08T17:33:14","slug":"sobre-nosotros","status":"publish","type":"page","link":"https:\/\/europrimemotors.com\/en\/sobre-nosotros\/","title":{"rendered":"About us"},"content":{"rendered":"<div data-elementor-type=\"wp-page\" data-elementor-id=\"2900\" class=\"elementor elementor-2900\" data-elementor-post-type=\"page\">\n\t\t\t\t<div class=\"elementor-element elementor-element-85c6a97 e-flex e-con-boxed e-con e-parent\" data-id=\"85c6a97\" data-element_type=\"container\" data-e-type=\"container\">\n\t\t\t\t\t<div class=\"e-con-inner\">\n\t\t\t\t<div class=\"elementor-element elementor-element-67b3835 elementor-widget elementor-widget-heading\" data-id=\"67b3835\" data-element_type=\"widget\" data-e-type=\"widget\" data-widget_type=\"heading.default\">\n\t\t\t\t\t<h1 class=\"elementor-heading-title elementor-size-default\">Who we are\n<\/h1>\t\t\t\t<\/div>\n\t\t\t\t<div class=\"elementor-element elementor-element-15c1f57 elementor-widget elementor-widget-text-editor\" data-id=\"15c1f57\" data-element_type=\"widget\" data-e-type=\"widget\" data-widget_type=\"text-editor.default\">\n\t\t\t\t\t\t\t\t\tAt EuroPrime Motors, we specialize in importing premium vehicles from Germany. We were founded with a clear objective: to democratize access to the German automotive market by eliminating risks, bureaucracy, and language barriers.\n\n\t\t\t\t\t\t\t\t<\/div>\n\t\t\t\t\t<\/div>\n\t\t\t\t<\/div>\n\t\t<div class=\"elementor-element elementor-element-4013ffd e-flex e-con-boxed e-con e-parent\" data-id=\"4013ffd\" data-element_type=\"container\" data-e-type=\"container\">\n\t\t\t\t\t<div class=\"e-con-inner\">\n\t\t<div class=\"elementor-element elementor-element-a477564 e-con-full e-flex e-con e-child\" data-id=\"a477564\" data-element_type=\"container\" data-e-type=\"container\">\n\t\t\t\t<div class=\"elementor-element elementor-element-d224bc9 elementor-widget elementor-widget-image\" data-id=\"d224bc9\" data-element_type=\"widget\" data-e-type=\"widget\" data-widget_type=\"image.default\">\n\t\t\t\t\t\t\t\t\t\t\t\t\t\t\t<img fetchpriority=\"high\" decoding=\"async\" width=\"800\" height=\"532\" src=\"https:\/\/europrimemotors.com\/wp-content\/uploads\/2026\/04\/photo-1560179707-f14e90ef3623-1024x681.avif\" class=\"attachment-large size-large wp-image-2906\" alt=\"Nosotros\" srcset=\"https:\/\/europrimemotors.com\/wp-content\/uploads\/2026\/04\/photo-1560179707-f14e90ef3623-1024x681.avif 1024w, https:\/\/europrimemotors.com\/wp-content\/uploads\/2026\/04\/photo-1560179707-f14e90ef3623-300x199.avif 300w, https:\/\/europrimemotors.com\/wp-content\/uploads\/2026\/04\/photo-1560179707-f14e90ef3623-768x511.avif 768w, https:\/\/europrimemotors.com\/wp-content\/uploads\/2026\/04\/photo-1560179707-f14e90ef3623-1536x1021.avif 1536w, https:\/\/europrimemotors.com\/wp-content\/uploads\/2026\/04\/photo-1560179707-f14e90ef3623-2048x1361.avif 2048w, https:\/\/europrimemotors.com\/wp-content\/uploads\/2026\/04\/photo-1560179707-f14e90ef3623-18x12.avif 18w\" sizes=\"(max-width: 800px) 100vw, 800px\" \/>\t\t\t\t\t\t\t\t\t\t\t\t\t\t\t<\/div>\n\t\t\t\t<\/div>\n\t\t<div class=\"elementor-element elementor-element-7273cfc e-con-full e-flex e-con e-child\" data-id=\"7273cfc\" data-element_type=\"container\" data-e-type=\"container\">\n\t\t\t\t<div class=\"elementor-element elementor-element-8ff48f1 elementor-widget elementor-widget-heading\" data-id=\"8ff48f1\" data-element_type=\"widget\" data-e-type=\"widget\" data-widget_type=\"heading.default\">\n\t\t\t\t\t<h3 class=\"elementor-heading-title elementor-size-default\">Our Philosophy\n<\/h3>\t\t\t\t<\/div>\n\t\t\t\t<div class=\"elementor-element elementor-element-3d33c30 elementor-widget elementor-widget-text-editor\" data-id=\"3d33c30\" data-element_type=\"widget\" data-e-type=\"widget\" data-widget_type=\"text-editor.default\">\n\t\t\t\t\t\t\t\t\t<p>We believe that buying a car should be an exciting experience, not a source of stress. That's why we base our work on three fundamental pillars:<\/p>\t\t\t\t\t\t\t\t<\/div>\n\t\t\t\t<div class=\"elementor-element elementor-element-8f3d37d elementor-position-inline-start elementor-view-default elementor-mobile-position-block-start elementor-widget elementor-widget-icon-box\" data-id=\"8f3d37d\" data-element_type=\"widget\" data-e-type=\"widget\" data-widget_type=\"icon-box.default\">\n\t\t\t\t\t\t\t<div class=\"elementor-icon-box-wrapper\">\n\n\t\t\t\t\t\t<div class=\"elementor-icon-box-icon\">\n\t\t\t\t<span  class=\"elementor-icon\">\n\t\t\t\t<svg xmlns=\"http:\/\/www.w3.org\/2000\/svg\" width=\"24\" height=\"24\" viewbox=\"0 0 24 24\" fill=\"none\" stroke=\"currentColor\" stroke-width=\"2\" stroke-linecap=\"round\" stroke-linejoin=\"round\" class=\"lucide lucide-shield w-6 h-6 text-primary mr-3 flex-shrink-0 mt-1\"><path d=\"M20 13c0 5-3.5 7.5-7.66 8.95a1 1 0 0 1-.67-.01C7.5 20.5 4 18 4 13V6a1 1 0 0 1 1-1c2 0 4.5-1.2 6.24-2.72a1.17 1.17 0 0 1 1.52 0C14.51 3.81 17 5 19 5a1 1 0 0 1 1 1z\"><\/path><\/svg>\t\t\t\t<\/span>\n\t\t\t<\/div>\n\t\t\t\n\t\t\t\t\t\t<div class=\"elementor-icon-box-content\">\n\n\t\t\t\t\t\t\t\t\t<p class=\"elementor-icon-box-title\">\n\t\t\t\t\t\t<span  >\n\t\t\t\t\t\t\tTotal Transparency\t\t\t\t\t\t<\/span>\n\t\t\t\t\t<\/p>\n\t\t\t\t\n\t\t\t\t\t\t\t\t\t<p class=\"elementor-icon-box-description\">\n\t\t\t\t\t\tNo hidden costs. You know every detail about the vehicle and the process from the very first minute.\n\t\t\t\t\t<\/p>\n\t\t\t\t\n\t\t\t<\/div>\n\t\t\t\n\t\t<\/div>\n\t\t\t\t\t\t<\/div>\n\t\t\t\t<div class=\"elementor-element elementor-element-25d4485 elementor-position-inline-start elementor-view-default elementor-mobile-position-block-start elementor-widget elementor-widget-icon-box\" data-id=\"25d4485\" data-element_type=\"widget\" data-e-type=\"widget\" data-widget_type=\"icon-box.default\">\n\t\t\t\t\t\t\t<div class=\"elementor-icon-box-wrapper\">\n\n\t\t\t\t\t\t<div class=\"elementor-icon-box-icon\">\n\t\t\t\t<span  class=\"elementor-icon\">\n\t\t\t\t<svg xmlns=\"http:\/\/www.w3.org\/2000\/svg\" width=\"24\" height=\"24\" viewbox=\"0 0 24 24\" fill=\"none\" stroke=\"currentColor\" stroke-width=\"2\" stroke-linecap=\"round\" stroke-linejoin=\"round\" class=\"lucide lucide-target w-6 h-6 text-primary mr-3 flex-shrink-0 mt-1\"><circle cx=\"12\" cy=\"12\" r=\"10\"><\/circle><circle cx=\"12\" cy=\"12\" r=\"6\"><\/circle><circle cx=\"12\" cy=\"12\" r=\"2\"><\/circle><\/svg>\t\t\t\t<\/span>\n\t\t\t<\/div>\n\t\t\t\n\t\t\t\t\t\t<div class=\"elementor-icon-box-content\">\n\n\t\t\t\t\t\t\t\t\t<p class=\"elementor-icon-box-title\">\n\t\t\t\t\t\t<span  >\n\t\t\t\t\t\t\tAbsolute Security\t\t\t\t\t\t<\/span>\n\t\t\t\t\t<\/p>\n\t\t\t\t\n\t\t\t\t\t\t\t\t\t<p class=\"elementor-icon-box-description\">\n\t\t\t\t\t\tWe mitigate any risk through thorough inspections and secure contracts.\n\t\t\t\t\t<\/p>\n\t\t\t\t\n\t\t\t<\/div>\n\t\t\t\n\t\t<\/div>\n\t\t\t\t\t\t<\/div>\n\t\t\t\t<div class=\"elementor-element elementor-element-3945e69 elementor-position-inline-start elementor-view-default elementor-mobile-position-block-start elementor-widget elementor-widget-icon-box\" data-id=\"3945e69\" data-element_type=\"widget\" data-e-type=\"widget\" data-widget_type=\"icon-box.default\">\n\t\t\t\t\t\t\t<div class=\"elementor-icon-box-wrapper\">\n\n\t\t\t\t\t\t<div class=\"elementor-icon-box-icon\">\n\t\t\t\t<span  class=\"elementor-icon\">\n\t\t\t\t<svg xmlns=\"http:\/\/www.w3.org\/2000\/svg\" width=\"24\" height=\"24\" viewbox=\"0 0 24 24\" fill=\"none\" stroke=\"currentColor\" stroke-width=\"2\" stroke-linecap=\"round\" stroke-linejoin=\"round\" class=\"lucide lucide-users w-6 h-6 text-primary mr-3 flex-shrink-0 mt-1\"><path d=\"M16 21v-2a4 4 0 0 0-4-4H6a4 4 0 0 0-4 4v2\"><\/path><circle cx=\"9\" cy=\"7\" r=\"4\"><\/circle><path d=\"M22 21v-2a4 4 0 0 0-3-3.87\"><\/path><path d=\"M16 3.13a4 4 0 0 1 0 7.75\"><\/path><\/svg>\t\t\t\t<\/span>\n\t\t\t<\/div>\n\t\t\t\n\t\t\t\t\t\t<div class=\"elementor-icon-box-content\">\n\n\t\t\t\t\t\t\t\t\t<p class=\"elementor-icon-box-title\">\n\t\t\t\t\t\t<span  >\n\t\t\t\t\t\t\tPremium Service\t\t\t\t\t\t<\/span>\n\t\t\t\t\t<\/p>\n\t\t\t\t\n\t\t\t\t\t\t\t\t\t<p class=\"elementor-icon-box-description\">\n\t\t\t\t\t\tWe accompany you every step of the way, offering personalized and friendly service.\n\t\t\t\t\t<\/p>\n\t\t\t\t\n\t\t\t<\/div>\n\t\t\t\n\t\t<\/div>\n\t\t\t\t\t\t<\/div>\n\t\t\t\t<\/div>\n\t\t\t\t\t<\/div>\n\t\t\t\t<\/div>\n\t\t<div class=\"elementor-element elementor-element-1f6af53 e-flex e-con-boxed e-con e-parent\" data-id=\"1f6af53\" data-element_type=\"container\" data-e-type=\"container\">\n\t\t\t\t\t<div class=\"e-con-inner\">\n\t\t<div class=\"elementor-element elementor-element-53bc78d e-con-full float e-flex e-con e-child\" data-id=\"53bc78d\" data-element_type=\"container\" data-e-type=\"container\" data-settings=\"{&quot;background_background&quot;:&quot;classic&quot;}\">\n\t\t\t\t<div class=\"elementor-element elementor-element-70a92e7 elementor-widget elementor-widget-heading\" data-id=\"70a92e7\" data-element_type=\"widget\" data-e-type=\"widget\" data-widget_type=\"heading.default\">\n\t\t\t\t\t<h3 class=\"elementor-heading-title elementor-size-default\">Ready to find your ideal car?\n<\/h3>\t\t\t\t<\/div>\n\t\t\t\t<div class=\"elementor-element elementor-element-7594188 elementor-widget elementor-widget-text-editor\" data-id=\"7594188\" data-element_type=\"widget\" data-e-type=\"widget\" data-widget_type=\"text-editor.default\">\n\t\t\t\t\t\t\t\t\tLet our experts take care of everything. Contact us today and tell us what you're looking for.\n\n\t\t\t\t\t\t\t\t<\/div>\n\t\t\t\t<div class=\"elementor-element elementor-element-169fbe1 elementor-align-center animated-slow elementor-invisible elementor-widget elementor-widget-button\" data-id=\"169fbe1\" data-element_type=\"widget\" data-e-type=\"widget\" data-settings=\"{&quot;_animation&quot;:&quot;fadeIn&quot;,&quot;_animation_delay&quot;:400}\" data-widget_type=\"button.default\">\n\t\t\t\t\t\t\t\t\t\t<a class=\"elementor-button elementor-button-link elementor-size-sm\" href=\"https:\/\/wa.me\/34627531802?text=Hola,%20quiero%20importar%20un%20coche%20desde%20Alemania.%20%C2%BFPod%C3%A9is%20ayudarme%3F\" target=\"_blank\">\n\t\t\t\t\t\t<span class=\"elementor-button-content-wrapper\">\n\t\t\t\t\t\t<span class=\"elementor-button-icon\">\n\t\t\t\t<svg xmlns=\"http:\/\/www.w3.org\/2000\/svg\" width=\"24\" height=\"24\" viewbox=\"0 0 24 24\" fill=\"none\" stroke=\"currentColor\" stroke-width=\"2\" stroke-linecap=\"round\" stroke-linejoin=\"round\" class=\"lucide lucide-message-circle w-7 h-7 sm:w-8 sm:h-8\"><path d=\"M7.9 20A9 9 0 1 0 4 16.1L2 22Z\"><\/path><\/svg>\t\t\t<\/span>\n\t\t\t\t\t\t\t\t\t<span class=\"elementor-button-text\">Talk to an expert<\/span>\n\t\t\t\t\t<\/span>\n\t\t\t\t\t<\/a>\n\t\t\t\t\t\t\t\t<\/div>\n\t\t\t\t<\/div>\n\t\t\t\t\t<\/div>\n\t\t\t\t<\/div>\n\t\t\t\t<\/div>","protected":false},"excerpt":{"rendered":"<p>Qui\u00e9nes somos En EuroPrime Motors somos especialistas en la importaci\u00f3n de veh\u00edculos premium desde Alemania. Nacimos con un objetivo claro: democratizar el acceso al mercado automovil\u00edstico alem\u00e1n eliminando los riesgos, la burocracia y las barreras del idioma. Nuestra Filosof\u00eda Creemos que comprar un coche debe ser una experiencia emocionante, no una fuente de estr\u00e9s. Por [&hellip;]<\/p>\n","protected":false},"author":2,"featured_media":2906,"parent":0,"menu_order":0,"comment_status":"closed","ping_status":"closed","template":"","meta":{"footnotes":""},"class_list":["post-2900","page","type-page","status-publish","has-post-thumbnail","hentry"],"yoast_head":"<!-- This site is optimized with the Yoast SEO Premium plugin v27.3 (Yoast SEO v27.3) - https:\/\/yoast.com\/product\/yoast-seo-premium-wordpress\/ -->\n<title>Sobre nosotros - EuroPrime Motors | Importaci\u00f3n estrat\u00e9gica de veh\u00edculos europeos<\/title>\n<meta name=\"description\" content=\"Nosotros nacimos con un objetivo claro: democratizar el acceso al mercado automovil\u00edstico alem\u00e1n eliminando los riesgos, la burocracia y las barreras del idioma.\" \/>\n<meta name=\"robots\" content=\"index, follow, max-snippet:-1, max-image-preview:large, max-video-preview:-1\" \/>\n<link rel=\"canonical\" href=\"https:\/\/europrimemotors.com\/en\/sobre-nosotros\/\" \/>\n<meta property=\"og:locale\" content=\"en_US\" \/>\n<meta property=\"og:type\" content=\"article\" \/>\n<meta property=\"og:title\" content=\"Sobre nosotros\" \/>\n<meta property=\"og:description\" content=\"Nosotros nacimos con un objetivo claro: democratizar el acceso al mercado automovil\u00edstico alem\u00e1n eliminando los riesgos, la burocracia y las barreras del idioma.\" \/>\n<meta property=\"og:url\" content=\"https:\/\/europrimemotors.com\/en\/sobre-nosotros\/\" \/>\n<meta property=\"og:site_name\" content=\"EuroPrime Motors | Importaci\u00f3n estrat\u00e9gica de veh\u00edculos europeos\" \/>\n<meta property=\"article:modified_time\" content=\"2026-04-08T17:33:14+00:00\" \/>\n<meta name=\"twitter:card\" content=\"summary_large_image\" \/>\n<meta name=\"twitter:label1\" content=\"Est. reading time\" \/>\n\t<meta name=\"twitter:data1\" content=\"1 minute\" \/>\n<script type=\"application\/ld+json\" class=\"yoast-schema-graph\">{\"@context\":\"https:\\\/\\\/schema.org\",\"@graph\":[{\"@type\":\"WebPage\",\"@id\":\"https:\\\/\\\/europrimemotors.com\\\/sobre-nosotros\\\/\",\"url\":\"https:\\\/\\\/europrimemotors.com\\\/sobre-nosotros\\\/\",\"name\":\"Sobre nosotros - EuroPrime Motors | Importaci\u00f3n estrat\u00e9gica de veh\u00edculos europeos\",\"isPartOf\":{\"@id\":\"https:\\\/\\\/europrimemotors.com\\\/#website\"},\"primaryImageOfPage\":{\"@id\":\"https:\\\/\\\/europrimemotors.com\\\/sobre-nosotros\\\/#primaryimage\"},\"image\":{\"@id\":\"https:\\\/\\\/europrimemotors.com\\\/sobre-nosotros\\\/#primaryimage\"},\"thumbnailUrl\":\"https:\\\/\\\/europrimemotors.com\\\/wp-content\\\/uploads\\\/2026\\\/04\\\/photo-1560179707-f14e90ef3623-scaled.avif\",\"datePublished\":\"2026-04-08T16:23:07+00:00\",\"dateModified\":\"2026-04-08T17:33:14+00:00\",\"description\":\"Nosotros nacimos con un objetivo claro: democratizar el acceso al mercado automovil\u00edstico alem\u00e1n eliminando los riesgos, la burocracia y las barreras del idioma.\",\"breadcrumb\":{\"@id\":\"https:\\\/\\\/europrimemotors.com\\\/sobre-nosotros\\\/#breadcrumb\"},\"inLanguage\":\"en-US\",\"potentialAction\":[{\"@type\":\"ReadAction\",\"target\":[\"https:\\\/\\\/europrimemotors.com\\\/sobre-nosotros\\\/\"]}]},{\"@type\":\"ImageObject\",\"inLanguage\":\"en-US\",\"@id\":\"https:\\\/\\\/europrimemotors.com\\\/sobre-nosotros\\\/#primaryimage\",\"url\":\"https:\\\/\\\/europrimemotors.com\\\/wp-content\\\/uploads\\\/2026\\\/04\\\/photo-1560179707-f14e90ef3623-scaled.avif\",\"contentUrl\":\"https:\\\/\\\/europrimemotors.com\\\/wp-content\\\/uploads\\\/2026\\\/04\\\/photo-1560179707-f14e90ef3623-scaled.avif\",\"width\":2560,\"height\":1702,\"caption\":\"Nosotros\"},{\"@type\":\"BreadcrumbList\",\"@id\":\"https:\\\/\\\/europrimemotors.com\\\/sobre-nosotros\\\/#breadcrumb\",\"itemListElement\":[{\"@type\":\"ListItem\",\"position\":1,\"name\":\"Portada\",\"item\":\"https:\\\/\\\/europrimemotors.com\\\/\"},{\"@type\":\"ListItem\",\"position\":2,\"name\":\"Sobre nosotros\"}]},{\"@type\":\"WebSite\",\"@id\":\"https:\\\/\\\/europrimemotors.com\\\/#website\",\"url\":\"https:\\\/\\\/europrimemotors.com\\\/\",\"name\":\"EuroPrime Motors | Importaci\u00f3n estrat\u00e9gica de veh\u00edculos europeos\",\"description\":\"Especialistas en importaci\u00f3n y gesti\u00f3n integral de veh\u00edculos desde Alemania con seguridad, m\u00e9todo y control absoluto.\",\"publisher\":{\"@id\":\"https:\\\/\\\/europrimemotors.com\\\/#organization\"},\"potentialAction\":[{\"@type\":\"SearchAction\",\"target\":{\"@type\":\"EntryPoint\",\"urlTemplate\":\"https:\\\/\\\/europrimemotors.com\\\/?s={search_term_string}\"},\"query-input\":{\"@type\":\"PropertyValueSpecification\",\"valueRequired\":true,\"valueName\":\"search_term_string\"}}],\"inLanguage\":\"en-US\"},{\"@type\":\"Organization\",\"@id\":\"https:\\\/\\\/europrimemotors.com\\\/#organization\",\"name\":\"EuroPrime Motors | Importaci\u00f3n estrat\u00e9gica de veh\u00edculos europeos\",\"url\":\"https:\\\/\\\/europrimemotors.com\\\/\",\"logo\":{\"@type\":\"ImageObject\",\"inLanguage\":\"en-US\",\"@id\":\"https:\\\/\\\/europrimemotors.com\\\/#\\\/schema\\\/logo\\\/image\\\/\",\"url\":\"https:\\\/\\\/europrimemotors.com\\\/wp-content\\\/uploads\\\/2026\\\/01\\\/cropped-cropped-cropped-europrimelogo-e1775614956380.png\",\"contentUrl\":\"https:\\\/\\\/europrimemotors.com\\\/wp-content\\\/uploads\\\/2026\\\/01\\\/cropped-cropped-cropped-europrimelogo-e1775614956380.png\",\"width\":1480,\"height\":353,\"caption\":\"EuroPrime Motors | Importaci\u00f3n estrat\u00e9gica de veh\u00edculos europeos\"},\"image\":{\"@id\":\"https:\\\/\\\/europrimemotors.com\\\/#\\\/schema\\\/logo\\\/image\\\/\"}}]}<\/script>\n<!-- \/ Yoast SEO Premium plugin. -->","yoast_head_json":{"title":"About us - EuroPrime Motors | Strategic import of European vehicles","description":"We were born with a clear objective: to democratize access to the German automotive market by eliminating risks, bureaucracy, and language barriers.","robots":{"index":"index","follow":"follow","max-snippet":"max-snippet:-1","max-image-preview":"max-image-preview:large","max-video-preview":"max-video-preview:-1"},"canonical":"https:\/\/europrimemotors.com\/en\/sobre-nosotros\/","og_locale":"en_US","og_type":"article","og_title":"Sobre nosotros","og_description":"Nosotros nacimos con un objetivo claro: democratizar el acceso al mercado automovil\u00edstico alem\u00e1n eliminando los riesgos, la burocracia y las barreras del idioma.","og_url":"https:\/\/europrimemotors.com\/en\/sobre-nosotros\/","og_site_name":"EuroPrime Motors | Importaci\u00f3n estrat\u00e9gica de veh\u00edculos europeos","article_modified_time":"2026-04-08T17:33:14+00:00","twitter_card":"summary_large_image","twitter_misc":{"Est. reading time":"1 minute"},"schema":{"@context":"https:\/\/schema.org","@graph":[{"@type":"WebPage","@id":"https:\/\/europrimemotors.com\/sobre-nosotros\/","url":"https:\/\/europrimemotors.com\/sobre-nosotros\/","name":"About us - EuroPrime Motors | Strategic import of European vehicles","isPartOf":{"@id":"https:\/\/europrimemotors.com\/#website"},"primaryImageOfPage":{"@id":"https:\/\/europrimemotors.com\/sobre-nosotros\/#primaryimage"},"image":{"@id":"https:\/\/europrimemotors.com\/sobre-nosotros\/#primaryimage"},"thumbnailUrl":"https:\/\/europrimemotors.com\/wp-content\/uploads\/2026\/04\/photo-1560179707-f14e90ef3623-scaled.avif","datePublished":"2026-04-08T16:23:07+00:00","dateModified":"2026-04-08T17:33:14+00:00","description":"We were born with a clear objective: to democratize access to the German automotive market by eliminating risks, bureaucracy, and language barriers.","breadcrumb":{"@id":"https:\/\/europrimemotors.com\/sobre-nosotros\/#breadcrumb"},"inLanguage":"en-US","potentialAction":[{"@type":"ReadAction","target":["https:\/\/europrimemotors.com\/sobre-nosotros\/"]}]},{"@type":"ImageObject","inLanguage":"en-US","@id":"https:\/\/europrimemotors.com\/sobre-nosotros\/#primaryimage","url":"https:\/\/europrimemotors.com\/wp-content\/uploads\/2026\/04\/photo-1560179707-f14e90ef3623-scaled.avif","contentUrl":"https:\/\/europrimemotors.com\/wp-content\/uploads\/2026\/04\/photo-1560179707-f14e90ef3623-scaled.avif","width":2560,"height":1702,"caption":"Nosotros"},{"@type":"BreadcrumbList","@id":"https:\/\/europrimemotors.com\/sobre-nosotros\/#breadcrumb","itemListElement":[{"@type":"ListItem","position":1,"name":"Portada","item":"https:\/\/europrimemotors.com\/"},{"@type":"ListItem","position":2,"name":"Sobre nosotros"}]},{"@type":"WebSite","@id":"https:\/\/europrimemotors.com\/#website","url":"https:\/\/europrimemotors.com\/","name":"EuroPrime Motors | Strategic Import of European Vehicles","description":"Specialists in importing and managing vehicles from Germany with security, method and absolute control.","publisher":{"@id":"https:\/\/europrimemotors.com\/#organization"},"potentialAction":[{"@type":"SearchAction","target":{"@type":"EntryPoint","urlTemplate":"https:\/\/europrimemotors.com\/?s={search_term_string}"},"query-input":{"@type":"PropertyValueSpecification","valueRequired":true,"valueName":"search_term_string"}}],"inLanguage":"en-US"},{"@type":"Organization","@id":"https:\/\/europrimemotors.com\/#organization","name":"EuroPrime Motors | Strategic Import of European Vehicles","url":"https:\/\/europrimemotors.com\/","logo":{"@type":"ImageObject","inLanguage":"en-US","@id":"https:\/\/europrimemotors.com\/#\/schema\/logo\/image\/","url":"https:\/\/europrimemotors.com\/wp-content\/uploads\/2026\/01\/cropped-cropped-cropped-europrimelogo-e1775614956380.png","contentUrl":"https:\/\/europrimemotors.com\/wp-content\/uploads\/2026\/01\/cropped-cropped-cropped-europrimelogo-e1775614956380.png","width":1480,"height":353,"caption":"EuroPrime Motors | Importaci\u00f3n estrat\u00e9gica de veh\u00edculos europeos"},"image":{"@id":"https:\/\/europrimemotors.com\/#\/schema\/logo\/image\/"}}]}},"_links":{"self":[{"href":"https:\/\/europrimemotors.com\/en\/wp-json\/wp\/v2\/pages\/2900","targetHints":{"allow":["GET"]}}],"collection":[{"href":"https:\/\/europrimemotors.com\/en\/wp-json\/wp\/v2\/pages"}],"about":[{"href":"https:\/\/europrimemotors.com\/en\/wp-json\/wp\/v2\/types\/page"}],"author":[{"embeddable":true,"href":"https:\/\/europrimemotors.com\/en\/wp-json\/wp\/v2\/users\/2"}],"replies":[{"embeddable":true,"href":"https:\/\/europrimemotors.com\/en\/wp-json\/wp\/v2\/comments?post=2900"}],"version-history":[{"count":11,"href":"https:\/\/europrimemotors.com\/en\/wp-json\/wp\/v2\/pages\/2900\/revisions"}],"predecessor-version":[{"id":3010,"href":"https:\/\/europrimemotors.com\/en\/wp-json\/wp\/v2\/pages\/2900\/revisions\/3010"}],"wp:featuredmedia":[{"embeddable":true,"href":"https:\/\/europrimemotors.com\/en\/wp-json\/wp\/v2\/media\/2906"}],"wp:attachment":[{"href":"https:\/\/europrimemotors.com\/en\/wp-json\/wp\/v2\/media?parent=2900"}],"curies":[{"name":"wp","href":"https:\/\/api.w.org\/{rel}","templated":true}]}}